{"id":50,"date":"2018-12-02T15:25:00","date_gmt":"2018-12-02T14:25:00","guid":{"rendered":"http:\/\/rollstuhle.ch\/?page_id=50"},"modified":"2020-04-30T12:57:28","modified_gmt":"2020-04-30T11:57:28","slug":"bankverbindung","status":"publish","type":"page","link":"https:\/\/rollstuhle.ch\/index.php\/bankverbindung\/","title":{"rendered":"Bankverbindung"},"content":{"rendered":"\n<p><b>Bank:<\/b>&nbsp;Migros Bank AG<br>\nPostfach, 8010 Z\u00fcrich<\/p>\n<div class=\"textstyles\">\n<p><strong>Konto CHF: &nbsp;&nbsp;<\/strong>62.477.897<br><strong>IBAN:&nbsp;<\/strong>CH39 0840 1000 0624 7789 7<br><br><strong>SWIFT:&nbsp;<\/strong>MIGRCHZZXXX<br><strong>Clearing:<\/strong> 8401<br><b>Post:<\/b> 80-533-6<br><br><strong>Beg\u00fcnstigter:<\/strong> Stratos Swiss GmbH<br><strong>Adresse:<\/strong> H\u00e4tzlergasse 28, 8048 Z\u00fcrich<\/p>\n<\/div>\n","protected":false},"excerpt":{"rendered":"<p>Bank:&nbsp;Migros Bank AG Postfach, 8010 Z\u00fcrich Konto CHF: &nbsp;&nbsp;62.477.897IBAN:&nbsp;CH39 0840 1000 0624 7789 7 SWIFT:&nbsp;MIGRCHZZXXXClearing: 8401Post: 80-533-6 Beg\u00fcnstigter: Stratos Swiss GmbHAdresse: H\u00e4tzlergasse 28, 8048 Z\u00fcrich<\/p>\n","protected":false},"author":1,"featured_media":0,"parent":0,"menu_order":0,"comment_status":"closed","ping_status":"closed","template":"","meta":[],"_links":{"self":[{"href":"https:\/\/rollstuhle.ch\/index.php\/wp-json\/wp\/v2\/pages\/50"}],"collection":[{"href":"https:\/\/rollstuhle.ch\/index.php\/wp-json\/wp\/v2\/pages"}],"about":[{"href":"https:\/\/rollstuhle.ch\/index.php\/wp-json\/wp\/v2\/types\/page"}],"author":[{"embeddable":true,"href":"https:\/\/rollstuhle.ch\/index.php\/wp-json\/wp\/v2\/users\/1"}],"replies":[{"embeddable":true,"href":"https:\/\/rollstuhle.ch\/index.php\/wp-json\/wp\/v2\/comments?post=50"}],"version-history":[{"count":5,"href":"https:\/\/rollstuhle.ch\/index.php\/wp-json\/wp\/v2\/pages\/50\/revisions"}],"predecessor-version":[{"id":217,"href":"https:\/\/rollstuhle.ch\/index.php\/wp-json\/wp\/v2\/pages\/50\/revisions\/217"}],"wp:attachment":[{"href":"https:\/\/rollstuhle.ch\/index.php\/wp-json\/wp\/v2\/media?parent=50"}],"curies":[{"name":"wp","href":"https:\/\/api.w.org\/{rel}","templated":true}]}}