{"id":3,"date":"2018-12-02T07:10:27","date_gmt":"2018-12-02T07:10:27","guid":{"rendered":"http:\/\/rollstuhle.ch\/?page_id=3"},"modified":"2018-12-02T13:41:20","modified_gmt":"2018-12-02T13:41:20","slug":"agb","status":"publish","type":"page","link":"https:\/\/rollstuhle.ch\/index.php\/agb\/","title":{"rendered":"Allgemeine Gesch\u00e4ftsbedingungen"},"content":{"rendered":"<p>Gesch\u00e4tzte Kundin, gesch\u00e4tzter Kunde<\/p>\n<p>Um eine reibungslose Zusammenarbeit mit der Firma Stratos Swiss GmbH, mit Sitz in Z\u00fcrich ZH, zu garantieren, bitten wir Sie, diese allgemeinen Gesch\u00e4ftsbedingungen unbedingt durchzulesen. Sie anerkennen damit bei jeder Bestellung von Produkten oder Inanspruchnahme unserer Dienstleistungen automatisch die vorliegenden Gesch\u00e4ftsbedingungen vollumf\u00e4nglich an. Ihre Nichteinhaltung entbindet uns jeglicher Verpflichtung aus vorliegenden Auftr\u00e4gen und noch nicht erf\u00fcllten Vertr\u00e4gen.<\/p>\n<p><strong>1. Konditionen &amp; Offerten<\/strong><br \/>\nDie von den Kunden zu bezahlenden Preise f\u00fcr Dienstleistungen und Produkte ergeben sich aus der Vertragsurkunde oder der entsprechenden Preisliste. Alle Preise sind in Schweizer Franken, EURO, bzw. US-Dollar angegeben und verstehen sich exkl. Mehrwertsteuer. Erf\u00fcllungsort ist Z\u00fcrich ZH. Die Fracht- und Verpackungskosten werden nach Aufwand, auch bei Nachlieferungen, belastet. Bei Ver\u00e4nderung der Kalkulationsbasis behalten wir uns vor, die am Liefertag g\u00fcltigen Preise zu verrechnen. Spezialkonditionen und Aktionen auf Anfrage, resp. nach spezieller Vereinbarung. Unsere Offerten sind vertraulicher Natur und d\u00fcrfen nur Personen zur Einsicht \u00dcberlassen werden, die unsere Offerten tats\u00e4chlich bearbeiten. Preis\u00e4nderungen und Irrt\u00fcmer unter Vorbehalt.<\/p>\n<p><strong>2. Lieferung<\/strong><br \/>\nDie Stratos Swiss w\u00e4hlt die Transportmittel und Versandart. Verlangt der K\u00e4ufer\/Auftraggeber abweichendes, tr\u00e4gt er die Mehrkosten. Teillieferungen sind zul\u00e4ssig. Unabwendbare Ereignisse wie h\u00f6here Gewalt, Streiks etc., berechtigen die Stratos Swiss zum Lieferaufschub, allenfalls zum R\u00fccktritt vom Vertrag. Mit der Obergabe der Ware an den K\u00e4ufer\/Auftraggeber, gehen Nutzen und Gefahr an ihn \u00fcber. Alle Liefertermine sind unverbindlich. Bei \u00dcberschreiten der vereinbarten Kreditlimite oder bei Zahlungsverzug, behalten wir uns einen sofortigen Lieferstopp vor.<\/p>\n<p><strong>3. Zahlungsbedingungen<\/strong><br \/>\nSofern nichts anderes vereinbart, sind alle Rechnungen in Schweizer Franken, EURO, resp. US-Dollar zahlbar und innerhalb des vereinbarten und auf der Rechnung aufgedruckten Zahlungszieles, ohne Abz\u00fcge zu bezahlen. Schecks gelten erst bei der Einl\u00f6sung als Zahlung. Die Aufrechnung von Gegenforderungen des K\u00e4ufers ist ausgeschlossen. Vom K\u00e4ufer geltend gemachte Anspr\u00fcche aus Gew\u00e4hrleistung oder behaupteten M\u00e4ngel befreien ihn nicht von der Zahlungspflicht. Die Stratos Swiss beh\u00e4lt sich in Abweichung der vorstehenden Zahlungsbedingungen vor, Ware nur gegen Bar- oder Vorauszahlung sowie per Nachnahme zu liefern. Dies gilt im speziellen f\u00fcr Kunden welche das erste Mal bei Stratos Swiss bestellen. Vorauszahlungen werden nicht verzinst. Verweigerung der Annahme bestellter Ware entbindet nicht von der Kaufpreiszahlung. Alle Mahn- und Inkassospesen sowie spezielle Aufwende im Falle von Annahme- oder Zahlungsverzug gehen zu Lasten des K\u00e4ufers.<\/p>\n<p><strong>4. Haftung f\u00fcr M\u00e4ngel &amp; Schadenersatz<\/strong><br \/>\nOffene M\u00e4ngel m\u00fcssen sofort schriftlich, sp\u00e4testens aber innerhalb 3 Tagen nach Erhalt der Ware ger\u00fcgt und innerhalb 5 (f\u00fcnf) Tagen retourniert werden, sonst gilt die Ware als genehmigt. Die Haftung f\u00fcr die Kosten der De- oder Neumontage sowie Sch\u00e4den, die unmittelbar oder mittelbar durch die gelieferte Ware entstehen (Folgesch\u00e4den), wird abgelehnt.<\/p>\n<p><strong>5. Garantie<\/strong><br \/>\nDie Garantiezeiten f\u00fcr die verschiedenen Produkte Gruppen sind unterschiedlich. Grunds\u00e4tzlich geben wir die Herstellergarantie im vollen Umfange an unsere Kunden weiter. Fehlen diese Angaben, so gilt eine Garantiezeit von 1 Jahr ab Datum der Rechnungsstellung. Garantief\u00e4lle werden, sofern nicht anders vereinbart, nicht mit Gutschriften abgegolten. Die Stratos Swiss wird auf nachweisbar schlechtes Material oder auf mangelhafte Ausf\u00fchrung zur\u00fcckzuf\u00fchrende M\u00e4ngel w\u00e4hrend der Garantiezeit kostenlos beheben, schadhafte Teile verbessern oder ersetzen. Von der Garantie ausgenommen sind Besch\u00e4digungen infolge unsachgem\u00e4sser Behandlung, \u00dcberlastung, h\u00f6herer Gewalt oder nat\u00fcrlicher Abn\u00fctzung. Von der Garantie ausgeschlossen sind Verbrauchsmaterialien. Die Garantiepflicht entf\u00e4llt ausserdem, falls am Kaufgegenstand, ohne Zustimmung der Stratos Swiss, Ver\u00e4nderungen oder Reparaturen vorgenommen wurden. Fracht-, Versand- und Versicherungskosten von Reparaturen tr\u00e4gt der Kunde. Das Material muss so verpackt sein, dass keine elektrostatische oder mechanische Besch\u00e4digung m\u00f6glich ist. Bei Reparatureinsendungen, die nicht in sachgem\u00e4sser Verpackung erfolgen, behalten wir uns vor, die Garantie abzulehnen. Bei gewissen Artikeln wird die Garantie direkt vom Hersteller erledigt.<\/p>\n<p><strong>6. Reparaturbedingungen<\/strong><br \/>\nReparaturen werden nur mit korrekt ausgef\u00fclltem Reparaturformular (ein Formular pro Artikel) und dazugeh\u00f6riger Rechnungskopie entgegengenommen. F\u00fcr das Ausf\u00fcllen des Reparaturformulars muss die Reparatursoftware von unserer Webseite www.elektrorollstuhle.ch\/reperaturen herunter geladen werden. Es werden nur die defekten Artikel ohne Zubeh\u00f6r entgegengenommen. Aus organisatorischen Gr\u00fcnden wird jede eingesandte Reparatur, die ohne Reparaturformular oder Rechnungskopie bei uns eintrifft, zu Lasten des Einsenders zur\u00fcckgeschickt. Einsendungen k\u00f6nnen aus garantierechtlichen Gr\u00fcnden nur vom Fachhandel angenommen werden. Sollten zugesandte Artikel trotz eingehender Pr\u00fcfung nicht den von ihnen beschriebenen Fehler aufweisen oder nicht in die Garantieleistung fallen, erheben wir eine Geb\u00fchr von Fr. 38.- -pro 15 Minuten Arbeitszeit. Dies gut auch f\u00fcr eingesandte Artikel die nicht bei Stratos Swiss bezogen wurden. Grunds\u00e4tzlich werden keine Vorgarantieaustausche geleistet. Bei Artikel welche nicht mehr hergestellt werden oder nicht lieferbar sind, m\u00fcssen wir die Hersteller Reparaturlieferzeit weitergeben. Verlust der Garantie entsteht, durch \u00f6ffnen des Geh\u00e4uses, Besch\u00e4digungen am Geh\u00e4use, Bei der Benutzung auf nasser Fahrbahn oder Regen.<\/p>\n<p><strong>7. Salvatorische Klausel<\/strong><br \/>\nSollten sich einzelne Bestimmungen dieses Vertrages als ung\u00fcltig, unwirksam oder unerf\u00fcllbar erweisen, so soll dadurch die G\u00fcltigkeit, Wirksamkeit und Erf\u00fcllbarkeit der \u00fcbrigen Teile des Vertrages nicht beeintr\u00e4chtigt werden.<\/p>\n<p>Die Parteien verpflichten sich in diesem Fall, den ung\u00fcltigen, unwirksamen oder unerf\u00fcllbaren Teil des Vertrages durch eine g\u00fcltige, wirksame und erf\u00fcllbare Bestimmung zu ersetzen, die inhaltlich der urspr\u00fcnglichen Absicht der Parteien am n\u00e4chsten kommt.<\/p>\n<p><strong>8. Schlussbestimmung<\/strong><br \/>\nDer Kunde anerkennt bei jeder telefonischen, m\u00fcndlichen oder schriftlichen Bestellung diese Gesch\u00e4ftsbedingungen in allen Punkten. Gerichtsstand ist f\u00fcr beide Parteien Z\u00fcrich ZH. Zur Anwendung gelangt ausschliesslich Schweizer Recht. Diese Ausgabe der AGB ersetzt alle vorangegangenen.<\/p>\n<p>Stratos Swiss GmbH &#8211; Z\u00fcrich ZH, 01 Januar 2019<\/p>\n","protected":false},"excerpt":{"rendered":"<p>Gesch\u00e4tzte Kundin, gesch\u00e4tzter Kunde Um eine reibungslose Zusammenarbeit mit der Firma Stratos Swiss GmbH, mit Sitz in Z\u00fcrich ZH, zu garantieren, bitten wir Sie, diese allgemeinen Gesch\u00e4ftsbedingungen unbedingt durchzulesen. Sie anerkennen damit bei jeder Bestellung von Produkten oder Inanspruchnahme unserer Dienstleistungen automatisch die vorliegenden Gesch\u00e4ftsbedingungen vollumf\u00e4nglich an. Ihre Nichteinhaltung entbindet uns jeglicher Verpflichtung aus vorliegenden [&hellip;]<\/p>\n","protected":false},"author":1,"featured_media":0,"parent":0,"menu_order":0,"comment_status":"closed","ping_status":"open","template":"sections.php","meta":[],"_links":{"self":[{"href":"https:\/\/rollstuhle.ch\/index.php\/wp-json\/wp\/v2\/pages\/3"}],"collection":[{"href":"https:\/\/rollstuhle.ch\/index.php\/wp-json\/wp\/v2\/pages"}],"about":[{"href":"https:\/\/rollstuhle.ch\/index.php\/wp-json\/wp\/v2\/types\/page"}],"author":[{"embeddable":true,"href":"https:\/\/rollstuhle.ch\/index.php\/wp-json\/wp\/v2\/users\/1"}],"replies":[{"embeddable":true,"href":"https:\/\/rollstuhle.ch\/index.php\/wp-json\/wp\/v2\/comments?post=3"}],"version-history":[{"count":0,"href":"https:\/\/rollstuhle.ch\/index.php\/wp-json\/wp\/v2\/pages\/3\/revisions"}],"wp:attachment":[{"href":"https:\/\/rollstuhle.ch\/index.php\/wp-json\/wp\/v2\/media?parent=3"}],"curies":[{"name":"wp","href":"https:\/\/api.w.org\/{rel}","templated":true}]}}