{"id":150,"date":"2019-10-27T12:39:26","date_gmt":"2019-10-27T11:39:26","guid":{"rendered":"http:\/\/rollstuhle.ch\/?page_id=150"},"modified":"2019-11-14T21:04:01","modified_gmt":"2019-11-14T20:04:01","slug":"sauerstoffkonzentratoren","status":"publish","type":"page","link":"https:\/\/rollstuhle.ch\/index.php\/sauerstoffkonzentratoren\/","title":{"rendered":"Sauerstoffkonzentratoren"},"content":{"rendered":"\n<div class=\"product-list responsive default  per-row-2\"  data-ic_ajax_query='{\"post_type\":\"al_product\",\"tax_query\":[{\"taxonomy\":\"al_product-cat\",\"field\":\"term_id\",\"terms\":[\"5\"]}],\"posts_per_page\":100,\"archive_template\":\"default\"}'>\n\n    <div class=\"al_archive product-199 modern-grid-element green-box ic-design publish no-price\">\n\t\t        <div class=\"pseudo\"><\/div>\n        <a href=\"https:\/\/rollstuhle.ch\/index.php\/elektrorollstuehle\/sauerstoffkonzentrator-sauerstoffgeraet-ons-50-kaufen\/\"><img width=\"257\" height=\"384\" src=\"https:\/\/rollstuhle.ch\/wp-content\/uploads\/2019\/11\/sauerstoffkonzentrator-sauerstoffgeraet-kaufen.png\" class=\"modern-grid-image higher\" alt=\"Sauerstoffkonzentrator Sauerstoffger\u00e4t ONS-50\" decoding=\"async\" loading=\"lazy\" \/>            <h3 class=\"product-name green-box ic-design\">Sauerstoffkonzentrator Sauerstoffger\u00e4t ONS-50<\/h3>\n\t\t\t        <\/a>\n\t\t    <\/div>\n\n\n\n    <div class=\"al_archive product-174 modern-grid-element green-box ic-design publish no-price\">\n\t\t        <div class=\"pseudo\"><\/div>\n        <a href=\"https:\/\/rollstuhle.ch\/index.php\/elektrorollstuehle\/sauerstoffkonzentrator-sauerstoffgeraet-oxy-50-kaufen\/\"><img width=\"320\" height=\"384\" src=\"https:\/\/rollstuhle.ch\/wp-content\/uploads\/2019\/10\/sauerstoffkonzentrator-sauerstoffger\u00e4t-kaufen-schweiz.jpg\" class=\"modern-grid-image higher\" alt=\"Sauerstoffkonzentrator Sauerstoffger\u00e4t OXY-50\" decoding=\"async\" loading=\"lazy\" \/>            <h3 class=\"product-name green-box ic-design\">Sauerstoffkonzentrator Sauerstoffger\u00e4t OXY-50<\/h3>\n\t\t\t        <\/a>\n\t\t    <\/div>\n\n<div style=\"clear:both\"><\/div><\/div>\n\nsauerstoffkonzentrator\nsauerstoffger\u00e4t\nmobiles sauerstoffger\u00e4t\nsauerstoffkonzentrator mobil\nsauerstoffger\u00e4t mobil\nmobiler sauerstoffkonzentrator\ntragbares sauerstoffger\u00e4t\nmobile sauerstoffger\u00e4te\nmobile sauerstoffger\u00e4te fl\u00fcssigsauerstoff\nsauerstoffger\u00e4t kaufen\nsauerstoffger\u00e4t f\u00fcr die nacht\nmobiler sauerstoffkonzentrator krankenkasse\nsauerstoffkonzentrator kaufen\no2 konzentrator\nsauerstoffger\u00e4t tragbar\ntragbarer sauerstoffkonzentrator\nsauerstoffkonzentrator gebraucht\nsauerstoffkonzentrator everflo\nmobiles sauerstoffger\u00e4t kaufen\nsauerstoffger\u00e4t f\u00fcr unterwegs\nleichtes mobiles sauerstoffger\u00e4t\nsauerstoffkonzentrator tragbar\nmobiler sauerstoff\nsauerstoffger\u00e4t tragbar krankenkasse\neverflo sauerstoffkonzentrator\ninogen one g3 gebraucht\nlinde sauerstoffkonzentrator\nmobiles sauerstoffger\u00e4t linde\ntragbare sauerstoffger\u00e4te kaufen\nmobiler sauerstoffkonzentrator gebraucht\nsauerstoffkonzentrator test\nphilips sauerstoffkonzentrator\nkonzentrator sauerstoff\nmobiler konzentrator\nmobile sauerstoffger\u00e4te gebraucht\nsauerstoffger\u00e4t mobil tragbar\nmobiler sauerstoffkonzentrator mit dauerflow\neverflo konzentrator\noxycare everflo\ntragbare sauerstoffkonzentratoren\nphilips sauerstoffkonzentrator mobil\ntragbares sauerstoffger\u00e4t linde\ncronos sauerstoffkonzentrator\neverflo betriebsstundenz\u00e4hler\nsauerstoffkonzentrator linde\ninogen one g3 akku 16 cell\ntragbare sauerstoffkonzentratoren im vergleich\nportables sauerstoffger\u00e4t\nsauerstoffger\u00e4t f\u00fcr zuhause kaufen\nmobile sauerstoffger\u00e4te linde\ninogen one g3 dauerflow\ntragbare sauerstoffkonzentratoren kaufen\nkr\u00f6ber sauerstoffkonzentrator\nsauerstoffger\u00e4t gebraucht kaufen\nsauerstoffger\u00e4t portable\ninogen one g4 gebraucht\nvital air sauerstoffger\u00e4t\ninogen one g3 akku gebraucht\ntragbares sauerstoffger\u00e4t mit akku\nigo sauerstoffkonzentrator\nsauerstoffkonzentrator everflo von philips respironics\nkleines sauerstoffger\u00e4t\nstation\u00e4rer sauerstoffkonzentrator\nsauerstoffger\u00e4t kaufen g\u00fcnstig\ninogen one g3 gebraucht kaufen\nvivisol sauerstoffger\u00e4te mobil\nsauerstoffger\u00e4t gebraucht\nphilips sauerstoffger\u00e4t\nsauerstoffkonzentrator oxycare everflo\nelektrisches sauerstoffger\u00e4t\nwasserfalle sauerstoffkonzentrator\nlinde sauerstoffger\u00e4t mobil\nsauerstoffkonzentrator mobil gebraucht kaufen\nmobiler sauerstoffkonzentrator kaufen\nvivisol sauerstoffkonzentrator\no2 konzentrator mobil\nlinde tragbarer sauerstoffkonzentrator\nmobile sauerstoffger\u00e4te dauerflow\nsauerstoffkonzentrator mobil gebraucht\ndevilbiss igo mobiler sauerstoffkonzentrator\nkonzentrator everflo\ninogen one g2 gebraucht\nsilikonschlauch f\u00fcr sauerstoffger\u00e4t\nsauerstoffkonzentrator 10 liter\nsauerstoffkonzentrator philips\nstation\u00e4res sauerstoffger\u00e4t\nmobiles sauerstoffger\u00e4t mit akku\nsauerstoffkonzentrator stiftung warentest\nmobiler sauerstoffkonzentrator test\nsterilwasser f\u00fcr sauerstoffger\u00e4t\neverflo sauerstoffkonzentrator ersatzteile\neclipse 5 sauerstoffkonzentrator\nsauerstoffger\u00e4t mobil kaufen\nmobiler o2 konzentrator\nsauerstoffger\u00e4t zu hause\nkonzentrator mobil\nsauerstoffkonzentrator mit f\u00fcllstation\nmobile sauerstoffger\u00e4te test\nheinen und l\u00f6wenstein mobiler sauerstoffkonzentrator\ninvacare platinum mobile akku\nsauerstoffkonzentrator kr\u00f6ber\nsauerstoffger\u00e4t im auto\nmobile sauerstoffger\u00e4te kaufen\nkr\u00f6ber 4.0 sauerstoffkonzentrator\nsauerstoffkonzentrator 12 liter\nsauerstoffkonzentrator mobil dauerflow\nsauerstoffkonzentrator inogen one g3\neclipse sauerstoffkonzentrator\nsauerstoffkonzentrator air liquide\ninogen one g3 stromverbrauch\ninogen one g2 dauerflow\nsauerstoffkonzentrator igo\nmobiles sauerstoffger\u00e4t gebraucht kaufen\nsauerstoffkonzentrator preise\nkonzentratoren f\u00fcr sauerstoff\nmobiler sauerstoffkonzentrator inogen one g3\nvitalaire mobiler sauerstoffkonzentrator\nsauerstoffger\u00e4t mit akku\ntransportabler sauerstoffkonzentrator\nsauerstoffkonzentrator everflo preisvergleich\nsauerstoffkonzentrator mobil kaufen\ninvacare platinum mobile gebraucht\ninogen one g3 einstellungen\ntragbarer sauerstoffkonzentrator gebraucht kaufen\nakku sauerstoffger\u00e4t\nsauerstoffger\u00e4t klein\nmobiles sauerstoffger\u00e4t philips\nsauerstoffkonzentrator general\u00fcberholt\ninogen one g4 kaufen\nakku sauerstoffkonzentrator\nakku inogen one g3\no2 konzentrator everflo\nmobiler sauerstoffkonzentrator gebraucht kaufen\ninvacare mobiler sauerstoffkonzentrator\nsauerstoffkonzentrator gebraucht kaufen\ninogen g3 akku\nzen o konzentrator\n02 konzentrator\nigo mobiler sauerstoffkonzentrator\nlinde mobiles sauerstoffger\u00e4t\ntest sauerstoffkonzentrator\nsauerstoffkonzentrator everflo stromverbrauch\nebay sauerstoffkonzentrator\nsauerstoffkonzentrator kr\u00f6ber o2\nebay sauerstoffkonzentrator gebraucht\ntragbarer sauerstoffkonzentrator mit dauerflow\nvitalaire sauerstoffger\u00e4te\nlinde mobile sauerstoffger\u00e4te\nsauerstoffkonzentrator ebay\nmobiles sauerstoffger\u00e4t gebraucht\ndevilbiss sauerstoffkonzentrator ersatzteile\nmobiler sauerstoffkonzentrator dauerflow\nsanit\u00e4tshaus sauerstoffger\u00e4t\ninogen sauerstoffkonzentrator\nigo konzentrator\nsauerstoffkonzentrator platinum mobile\nsilikonschlauch f\u00fcr sauerstoffkonzentrator\noxygen konzentrator\nsauerstoffkonzentrator mobil test\nsauerstoffkonzentrator krankenkasse\nairsep sauerstoffkonzentrator\nlinde konzentrator everflo\nsauerstoffger\u00e4t zum mitnehmen\ntragbarer sauerstoffkonzentrator kaufen\nsauerstoffkonzentrator kr\u00f6ber 4.0\nrespironics everflo stromverbrauch\neverflo filterwechsel\nlifebasis sauerstoffkonzentrator\nphilips sauerstoffkonzentrator everflo\nmobiles sauerstoffger\u00e4t akku\nlinde inogen one g3\nsauerstoffger\u00e4t mobil gebraucht\nequinox sauerstoffkonzentrator\nsauerstoffkonzentrator inogen g4\nsauerstoffger\u00e4t transportabel\ntragbarer sauerstoffkonzentrator test\neurowings sauerstoffkonzentrator\nelektrischer sauerstoffkonzentrator\nbester sauerstoffkonzentrator\ninogen g3 gebraucht\noxicur 5000 ebay\nkr\u00f6ber sauerstoffkonzentrator o2\nsterilwasser f\u00fcr sauerstoffkonzentrator\n","protected":false},"excerpt":{"rendered":"<p>sauerstoffkonzentrator sauerstoffger\u00e4t mobiles sauerstoffger\u00e4t sauerstoffkonzentrator mobil sauerstoffger\u00e4t mobil mobiler sauerstoffkonzentrator tragbares sauerstoffger\u00e4t mobile sauerstoffger\u00e4te mobile sauerstoffger\u00e4te fl\u00fcssigsauerstoff sauerstoffger\u00e4t kaufen sauerstoffger\u00e4t f\u00fcr die nacht mobiler sauerstoffkonzentrator krankenkasse sauerstoffkonzentrator kaufen o2 konzentrator sauerstoffger\u00e4t tragbar tragbarer sauerstoffkonzentrator sauerstoffkonzentrator gebraucht sauerstoffkonzentrator everflo mobiles sauerstoffger\u00e4t kaufen sauerstoffger\u00e4t f\u00fcr unterwegs leichtes mobiles sauerstoffger\u00e4t sauerstoffkonzentrator tragbar mobiler sauerstoff sauerstoffger\u00e4t tragbar krankenkasse everflo [&hellip;]<\/p>\n","protected":false},"author":1,"featured_media":0,"parent":0,"menu_order":0,"comment_status":"closed","ping_status":"closed","template":"","meta":[],"_links":{"self":[{"href":"https:\/\/rollstuhle.ch\/index.php\/wp-json\/wp\/v2\/pages\/150"}],"collection":[{"href":"https:\/\/rollstuhle.ch\/index.php\/wp-json\/wp\/v2\/pages"}],"about":[{"href":"https:\/\/rollstuhle.ch\/index.php\/wp-json\/wp\/v2\/types\/page"}],"author":[{"embeddable":true,"href":"https:\/\/rollstuhle.ch\/index.php\/wp-json\/wp\/v2\/users\/1"}],"replies":[{"embeddable":true,"href":"https:\/\/rollstuhle.ch\/index.php\/wp-json\/wp\/v2\/comments?post=150"}],"version-history":[{"count":0,"href":"https:\/\/rollstuhle.ch\/index.php\/wp-json\/wp\/v2\/pages\/150\/revisions"}],"wp:attachment":[{"href":"https:\/\/rollstuhle.ch\/index.php\/wp-json\/wp\/v2\/media?parent=150"}],"curies":[{"name":"wp","href":"https:\/\/api.w.org\/{rel}","templated":true}]}}